{"id":20957,"date":"2016-03-10T18:51:46","date_gmt":"2016-03-10T15:51:46","guid":{"rendered":"https:\/\/mudonglobal.com\/?page_id=20957"},"modified":"2026-03-05T22:59:12","modified_gmt":"2026-03-05T19:59:12","slug":"termes-et-conditions","status":"publish","type":"page","link":"https:\/\/mudonglobal.com\/fr\/termes-et-conditions\/","title":{"rendered":"Termes et conditions"},"content":{"rendered":"\t\t<div data-elementor-type=\"wp-page\" data-elementor-id=\"20957\" class=\"elementor elementor-20957 elementor-745\" data-elementor-post-type=\"page\">\n\t\t\t\t\t\t<section class=\"elementor-section elementor-top-section elementor-element elementor-element-023519a elementor-section-boxed elementor-section-height-default elementor-section-height-default\" data-id=\"023519a\" data-element_type=\"section\" data-e-type=\"section\">\n\t\t\t\t\t\t<div class=\"elementor-container elementor-column-gap-default\">\n\t\t\t\t\t<div class=\"elementor-column elementor-col-100 elementor-top-column elementor-element elementor-element-c447aad\" data-id=\"c447aad\" data-element_type=\"column\" data-e-type=\"column\">\n\t\t\t<div class=\"elementor-widget-wrap elementor-element-populated\">\n\t\t\t\t\t\t<div class=\"elementor-element elementor-element-823e7fd elementor-widget elementor-widget-heading\" data-id=\"823e7fd\" data-element_type=\"widget\" data-e-type=\"widget\" data-widget_type=\"heading.default\">\n\t\t\t\t<div class=\"elementor-widget-container\">\n\t\t\t\t\t<h1 class=\"elementor-heading-title elementor-size-default\">Termes &amp; Conditions<\/h1>\t\t\t\t<\/div>\n\t\t\t\t<\/div>\n\t\t\t\t<div class=\"elementor-element elementor-element-9eb0b2c elementor-widget elementor-widget-text-editor\" data-id=\"9eb0b2c\" data-element_type=\"widget\" data-e-type=\"widget\" data-widget_type=\"text-editor.default\">\n\t\t\t\t<div class=\"elementor-widget-container\">\n\t\t\t\t\t\t\t\t\t<p data-path-to-node=\"3\" data--h-bstatus=\"0OBSERVED\"><b data-path-to-node=\"3\" data-index-in-node=\"19\" data--h-bstatus=\"0OBSERVED\">Derni\u00e8re mise \u00e0 jour : 05 mars 2026<\/b><\/p><h2 data-path-to-node=\"4\" data--h-bstatus=\"0OBSERVED\"><b data-path-to-node=\"4\" data-index-in-node=\"0\" data--h-bstatus=\"0OBSERVED\">1. Acceptation des conditions<\/b><\/h2><p data-path-to-node=\"4\" data--h-bstatus=\"0OBSERVED\">Bienvenue chez Mudon Global Real Estate. Ces termes et conditions d\u00e9crivent les r\u00e8gles et r\u00e9glementations pour l&#8217;utilisation du site Web de Mudon Global Real Estate L.L.C, situ\u00e9 \u00e0 <a class=\"ng-star-inserted\" href=\"https:\/\/mudonglobal.com\" target=\"_blank\" rel=\"noopener\" data-hveid=\"0\" data-ved=\"0CAAQ_4QMahgKEwiPhpKQrImTAxUAAAAAHQAAAAAQ3AM\" data--h-bstatus=\"0OBSERVED\">https:\/\/mudonglobal.com<\/a>. En acc\u00e9dant \u00e0 ce site Web, nous supposons que vous acceptez ces termes et conditions dans leur int\u00e9gralit\u00e9. N&#8217;utilisez pas Mudon Global Real Estate si vous n&#8217;acceptez pas toutes les conditions indiqu\u00e9es sur cette page.<\/p><h2 data-path-to-node=\"5\" data--h-bstatus=\"0OBSERVED\"><b data-path-to-node=\"5\" data-index-in-node=\"0\" data--h-bstatus=\"0OBSERVED\">2. Droits de propri\u00e9t\u00e9 intellectuelle<\/b><\/h2><p data-path-to-node=\"5\" data--h-bstatus=\"0OBSERVED\">Sauf indication contraire, Mudon Global Real Estate et\/ou ses conc\u00e9dants d\u00e9tiennent les droits de propri\u00e9t\u00e9 intellectuelle de tout le contenu pr\u00e9sent sur ce site Web. Tous les droits de propri\u00e9t\u00e9 intellectuelle sont r\u00e9serv\u00e9s. Vous pouvez acc\u00e9der \u00e0 ce contenu sur Mudon Global Real Estate pour votre usage personnel, sous r\u00e9serve des restrictions \u00e9nonc\u00e9es dans ces termes et conditions.<\/p><p data-path-to-node=\"6\" data--h-bstatus=\"0OBSERVED\">Vous ne devez pas :<\/p><ul data-path-to-node=\"7\" data--h-bstatus=\"0OBSERVED\"><li data--h-bstatus=\"0OBSERVED\"><p data-path-to-node=\"7,0,0\" data--h-bstatus=\"0OBSERVED\">Republier du contenu de Mudon Global Real Estate<\/p><\/li><li data--h-bstatus=\"0OBSERVED\"><p data-path-to-node=\"7,1,0\" data--h-bstatus=\"0OBSERVED\">Vendre, louer ou conc\u00e9der une sous-licence du contenu de Mudon Global Real Estate<\/p><\/li><li data--h-bstatus=\"0OBSERVED\"><p data-path-to-node=\"7,2,0\" data--h-bstatus=\"0OBSERVED\">Reproduire, dupliquer ou copier le contenu de Mudon Global Real Estate<\/p><\/li><li data--h-bstatus=\"0OBSERVED\"><p data-path-to-node=\"7,3,0\" data--h-bstatus=\"0OBSERVED\">Redistribuer le contenu de Mudon Global Real Estate<\/p><\/li><\/ul><h2 data-path-to-node=\"8\" data--h-bstatus=\"0OBSERVED\"><b data-path-to-node=\"8\" data-index-in-node=\"0\" data--h-bstatus=\"0OBSERVED\">3. Informations sur les propri\u00e9t\u00e9s et mentions l\u00e9gales (Projets off-plan et biens pr\u00eats)<\/b><\/h2><p data-path-to-node=\"8\" data--h-bstatus=\"0OBSERVED\">Tous les d\u00e9tails des propri\u00e9t\u00e9s, les prix, les plans d&#8217;\u00e9tage, la disponibilit\u00e9 et les repr\u00e9sentations visuelles fournis sur ce site Web sont uniquement \u00e0 titre informatif et illustratif.<\/p><ul data-path-to-node=\"9\" data--h-bstatus=\"0OBSERVED\"><li data--h-bstatus=\"0OBSERVED\"><p data-path-to-node=\"9,0,0\" data--h-bstatus=\"0OBSERVED\"><b data-path-to-node=\"9,0,0\" data-index-in-node=\"0\" data--h-bstatus=\"0OBSERVED\">Projets off-plan :<\/b> Pour les propri\u00e9t\u00e9s en construction (off-plan), les repr\u00e9sentations visuelles, mod\u00e8les architecturaux et dimensions peuvent \u00eatre modifi\u00e9s par les promoteurs respectifs sans pr\u00e9avis.<\/p><\/li><li data--h-bstatus=\"0OBSERVED\"><p data-path-to-node=\"9,1,0\" data--h-bstatus=\"0OBSERVED\"><b data-path-to-node=\"9,1,0\" data-index-in-node=\"0\" data--h-bstatus=\"0OBSERVED\">Exactitude des informations :<\/b> Bien que nous nous efforcions de maintenir les informations \u00e0 jour et correctes, Mudon Global Real Estate ne fait aucune d\u00e9claration ni garantie, expresse ou implicite, concernant l&#8217;exhaustivit\u00e9, l&#8217;exactitude, la fiabilit\u00e9 ou l&#8217;ad\u00e9quation des annonces immobili\u00e8res. Toute confiance que vous accordez \u00e0 ces informations est strictement \u00e0 vos propres risques.<\/p><\/li><\/ul><h2 data-path-to-node=\"10\" data--h-bstatus=\"0OBSERVED\"><b data-path-to-node=\"10\" data-index-in-node=\"0\" data--h-bstatus=\"0OBSERVED\">4. Utilisation acceptable<\/b><\/h2><p data-path-to-node=\"10\" data--h-bstatus=\"0OBSERVED\">Vous acceptez d&#8217;utiliser notre site Web uniquement \u00e0 des fins l\u00e9gales et d&#8217;une mani\u00e8re qui ne porte pas atteinte aux droits d&#8217;autrui, ne restreint pas ni n&#8217;emp\u00eache l&#8217;utilisation et la jouissance du site par d&#8217;autres personnes. Les comportements interdits comprennent le harc\u00e8lement ou la mise en d\u00e9tresse de toute personne, la transmission de contenu obsc\u00e8ne ou offensant, ou la perturbation du flux normal de dialogue sur notre site. Vous ne devez pas utiliser notre site pour copier, stocker, h\u00e9berger, transmettre, envoyer, utiliser, publier ou distribuer tout contenu consistant en (ou li\u00e9 \u00e0) des logiciels espions, virus informatiques, chevaux de Troie ou autre logiciel malveillant.<\/p><h2 data-path-to-node=\"11\" data--h-bstatus=\"0OBSERVED\"><b data-path-to-node=\"11\" data-index-in-node=\"0\" data--h-bstatus=\"0OBSERVED\">5. Absence de garanties<\/b><\/h2><p data-path-to-node=\"11\" data--h-bstatus=\"0OBSERVED\">Ce site Web est fourni \u00ab tel quel \u00bb, avec tous ses d\u00e9fauts, et Mudon Global Real Estate n&#8217;exprime aucune d\u00e9claration ni garantie d&#8217;aucune sorte concernant ce site ou les documents qu&#8217;il contient. Rien sur ce site ne doit \u00eatre interpr\u00e9t\u00e9 comme un conseil financier ou en mati\u00e8re d&#8217;investissement immobilier. Nous recommandons fortement de consulter nos conseillers officiels avant de prendre toute d\u00e9cision d&#8217;investissement.<\/p><h2 data-path-to-node=\"12\" data--h-bstatus=\"0OBSERVED\"><b data-path-to-node=\"12\" data-index-in-node=\"0\" data--h-bstatus=\"0OBSERVED\">6. Limitation de responsabilit\u00e9<\/b><\/h2><p data-path-to-node=\"12\" data--h-bstatus=\"0OBSERVED\">En aucun cas Mudon Global Real Estate, ni aucun de ses dirigeants, administrateurs ou employ\u00e9s, ne pourra \u00eatre tenu responsable de quoi que ce soit d\u00e9coulant de ou en relation avec votre utilisation de ce site Web. Mudon Global Real Estate, y compris ses dirigeants, administrateurs et employ\u00e9s, ne pourra \u00eatre tenu responsable des dommages indirects, accessoires ou sp\u00e9ciaux d\u00e9coulant de ou en relation avec votre utilisation de ce site Web.<\/p><h2 data-path-to-node=\"13\" data--h-bstatus=\"0OBSERVED\"><b data-path-to-node=\"13\" data-index-in-node=\"0\" data--h-bstatus=\"0OBSERVED\">7. Indemnisation<\/b><\/h2><p data-path-to-node=\"13\" data--h-bstatus=\"0OBSERVED\">Vous indemnisez par les pr\u00e9sentes, dans toute la mesure du possible, Mudon Global Real Estate contre toutes responsabilit\u00e9s, co\u00fbts, demandes, causes d&#8217;action, dommages et d\u00e9penses d\u00e9coulant de quelque mani\u00e8re que ce soit de votre violation de l&#8217;une des dispositions de ces Conditions.<\/p><h2 data-path-to-node=\"14\" data--h-bstatus=\"0OBSERVED\"><b data-path-to-node=\"14\" data-index-in-node=\"0\" data--h-bstatus=\"0OBSERVED\">8. Divisibilit\u00e9<\/b><\/h2><p data-path-to-node=\"14\" data--h-bstatus=\"0OBSERVED\">Si une disposition de ces Conditions est jug\u00e9e invalide en vertu de toute loi applicable, cette disposition sera supprim\u00e9e sans affecter les dispositions restantes ci<span class=\"citation-181 citation-end-181\" data--h-bstatus=\"0OBSERVED\">dessus.<\/span><\/p><div class=\"source-inline-chip-container ng-star-inserted\" data--h-bstatus=\"0OBSERVED\">\u00a0<\/div><h2 data-path-to-node=\"15\" data--h-bstatus=\"0OBSERVED\"><b data-path-to-node=\"15\" data-index-in-node=\"0\" data--h-bstatus=\"0OBSERVED\"><span class=\"citation-180 citation-end-180\" data--h-bstatus=\"0OBSERVED\">9. Modification des conditions<\/span><\/b><\/h2><p data-path-to-node=\"15\" data--h-bstatus=\"0OBSERVED\"><span class=\"citation-179 citation-end-179\" data--h-bstatus=\"0OBSERVED\">Mudon Global Real Estate est autoris\u00e9 \u00e0 r\u00e9viser ces Conditions \u00e0 tout moment comme il l&#8217;entend, et en utilisant ce site Web vous \u00eates tenu de revoir ces Conditions r\u00e9guli\u00e8rement.<\/span><\/p><div class=\"source-inline-chip-container ng-star-inserted\" data--h-bstatus=\"0OBSERVED\">\u00a0<\/div><h2 data-path-to-node=\"16\" data--h-bstatus=\"0OBSERVED\"><b data-path-to-node=\"16\" data-index-in-node=\"0\" data--h-bstatus=\"0OBSERVED\"><span class=\"citation-178 citation-end-178\" data--h-bstatus=\"0OBSERVED\">10. Cession<\/span><\/b><\/h2><p data-path-to-node=\"16\" data--h-bstatus=\"0OBSERVED\"><span class=\"citation-177 citation-end-177\" data--h-bstatus=\"0OBSERVED\">Mudon Global Real <\/span>Estate est autoris\u00e9 \u00e0 c\u00e9der, transf\u00e9rer et sous-traiter ses droits et\/ou obligations en vertu de ces Conditions sans aucune notification. Cependant, vous n&#8217;\u00eates pas autoris\u00e9 \u00e0 c\u00e9der, transf\u00e9rer ou sous-traiter l&#8217;un quelconque de vos droits et\/ou obligations en vertu de ces Conditions.<\/p><div class=\"source-inline-chip-container ng-star-inserted\" data--h-bstatus=\"0OBSERVED\">\u00a0<\/div><h2 data-path-to-node=\"17\" data--h-bstatus=\"0OBSERVED\"><b data-path-to-node=\"17\" data-index-in-node=\"0\" data--h-bstatus=\"0OBSERVED\">11. Droit applicable et juridiction<\/b><\/h2><p data-path-to-node=\"17\" data--h-bstatus=\"0OBSERVED\">Ces Conditions seront r\u00e9gies et interpr\u00e9t\u00e9es conform\u00e9ment aux lois de l&#8217;\u00c9mirat de Duba\u00ef et aux lois f\u00e9d\u00e9rales des \u00c9mirats arabes unis applicables. Vous vous soumettez \u00e0 la juridiction non exclusive des tribunaux d&#8217;\u00c9tat et f\u00e9d\u00e9raux situ\u00e9s \u00e0 Duba\u00ef pour la r\u00e9solution de tout litige.<\/p><div class=\"source-inline-chip-container ng-star-inserted\" data--h-bstatus=\"0OBSERVED\">\u00a0<\/div><h2 data-path-to-node=\"18\" data--h-bstatus=\"0OBSERVED\"><b data-path-to-node=\"18\" data-index-in-node=\"0\" data--h-bstatus=\"0OBSERVED\">12. Coordonn\u00e9es<\/b><\/h2><p data-path-to-node=\"18\" data--h-bstatus=\"0OBSERVED\">Si vous avez des questions ou si vous avez besoin de pr\u00e9cisions concernant ces Termes &amp; Conditions, veuillez nous contacter \u00e0 :<\/p><ul data-path-to-node=\"19\" data--h-bstatus=\"0OBSERVED\"><li data--h-bstatus=\"0OBSERVED\"><p data-path-to-node=\"19,0,0\" data--h-bstatus=\"0OBSERVED\"><b data-path-to-node=\"19,0,0\" data-index-in-node=\"0\" data--h-bstatus=\"0OBSERVED\">Soci\u00e9t\u00e9 :<\/b> Mudon Global Real Estate L.L.C<\/p><\/li><li data--h-bstatus=\"0OBSERVED\"><p data-path-to-node=\"19,1,0\" data--h-bstatus=\"0OBSERVED\"><b data-path-to-node=\"19,1,0\" data-index-in-node=\"0\" data--h-bstatus=\"0OBSERVED\">Adresse :<\/b> Bureau n\u00b01507 \u2013 Clover Bay Tower, Business Bay, Duba\u00ef, \u00c9mirats arabes unis<\/p><\/li><li data--h-bstatus=\"0OBSERVED\"><p data-path-to-node=\"19,2,0\" data--h-bstatus=\"0OBSERVED\"><b data-path-to-node=\"19,2,0\" data-index-in-node=\"0\" data--h-bstatus=\"0OBSERVED\">E-mail :<\/b> info@mudonglobal.com<\/p><\/li><li data--h-bstatus=\"0OBSERVED\"><p data-path-to-node=\"19,3,0\" data--h-bstatus=\"0OBSERVED\"><b data-path-to-node=\"19,3,0\" data-index-in-node=\"0\" data--h-bstatus=\"0OBSERVED\">T\u00e9l\u00e9phone :<\/b> +971 55 530 4455<\/p><\/li><\/ul><hr data-path-to-node=\"20\" data--h-bstatus=\"0OBSERVED\" \/>\t\t\t\t\t\t\t\t<\/div>\n\t\t\t\t<\/div>\n\t\t\t\t\t<\/div>\n\t\t<\/div>\n\t\t\t\t\t<\/div>\n\t\t<\/section>\n\t\t\t\t<\/div>\n\t\t","protected":false},"excerpt":{"rendered":"<p>Termes &amp; Conditions Derni\u00e8re mise \u00e0 jour : 05 mars 2026 1. Acceptation des conditions Bienvenue chez Mudon Global Real Estate. Ces termes et conditions d\u00e9crivent les r\u00e8gles et r\u00e9glementations pour l&#8217;utilisation du site Web de Mudon Global Real Estate L.L.C, situ\u00e9 \u00e0 https:\/\/mudonglobal.com. En acc\u00e9dant \u00e0 ce site Web, nous supposons que vous acceptez [&hellip;]<\/p>\n","protected":false},"author":1,"featured_media":19876,"parent":0,"menu_order":0,"comment_status":"closed","ping_status":"closed","template":"elementor_header_footer","meta":{"footnotes":""},"class_list":["post-20957","page","type-page","status-publish","has-post-thumbnail","hentry"],"_links":{"self":[{"href":"https:\/\/mudonglobal.com\/fr\/wp-json\/wp\/v2\/pages\/20957","targetHints":{"allow":["GET"]}}],"collection":[{"href":"https:\/\/mudonglobal.com\/fr\/wp-json\/wp\/v2\/pages"}],"about":[{"href":"https:\/\/mudonglobal.com\/fr\/wp-json\/wp\/v2\/types\/page"}],"author":[{"embeddable":true,"href":"https:\/\/mudonglobal.com\/fr\/wp-json\/wp\/v2\/users\/1"}],"replies":[{"embeddable":true,"href":"https:\/\/mudonglobal.com\/fr\/wp-json\/wp\/v2\/comments?post=20957"}],"version-history":[{"count":1,"href":"https:\/\/mudonglobal.com\/fr\/wp-json\/wp\/v2\/pages\/20957\/revisions"}],"predecessor-version":[{"id":20958,"href":"https:\/\/mudonglobal.com\/fr\/wp-json\/wp\/v2\/pages\/20957\/revisions\/20958"}],"wp:featuredmedia":[{"embeddable":true,"href":"https:\/\/mudonglobal.com\/fr\/wp-json\/wp\/v2\/media\/19876"}],"wp:attachment":[{"href":"https:\/\/mudonglobal.com\/fr\/wp-json\/wp\/v2\/media?parent=20957"}],"curies":[{"name":"wp","href":"https:\/\/api.w.org\/{rel}","templated":true}]}}